{"id":9333,"date":"2024-04-24T10:13:36","date_gmt":"2024-04-24T10:13:36","guid":{"rendered":"https:\/\/tiara.md\/?post_type=product&#038;p=9333"},"modified":"2024-11-10T03:21:21","modified_gmt":"2024-11-10T03:21:21","slug":"topper-tiara-econom-2000140060-%d0%ba%d0%be%d0%bf%d0%b8%d1%80%d0%be%d0%b2%d0%b0%d1%82%d1%8c-%d0%ba%d0%be%d0%bf%d0%b8%d1%80%d0%be%d0%b2%d0%b0%d1%82%d1%8c-2","status":"publish","type":"product","link":"https:\/\/tiara.md\/ro\/produs\/topper-tiara-econom-2000140060-%d0%ba%d0%be%d0%bf%d0%b8%d1%80%d0%be%d0%b2%d0%b0%d1%82%d1%8c-%d0%ba%d0%be%d0%bf%d0%b8%d1%80%d0%be%d0%b2%d0%b0%d1%82%d1%8c-2\/","title":{"rendered":"TOPPER TIARA ECONOM 2000*1400*60 (\u041a\u043e\u043f\u0438\u0440\u043e\u0432\u0430\u0442\u044c) (\u041a\u043e\u043f\u0438\u0440\u043e\u0432\u0430\u0442\u044c)"},"content":{"rendered":"<h3><strong>TOPPER TIARA ECONOM este o saltea sub\u021bire de o nou\u0103 genera\u021bie de clas\u0103 economic\u0103.  <\/strong><\/h3>\n<h3>Compozi\u021bia topper-ului:<\/h3>\n<ol>\n<li>\n<h3><strong>Bloc interior din spum\u0103 dintr-o singur\u0103 bucat\u0103 <\/strong><strong>.<\/strong> Aceasta este o spum\u0103 special\u0103 pentru saltele produs\u0103 de BILARGO PRIM SRL.  <strong> <\/strong><\/h3>\n<\/li>\n<li>\n<h3>NU exist\u0103 <strong>nicio bucat\u0103 de lipici<\/strong> \u00een blocul de spum\u0103. Prin urmare, <strong>nu exist\u0103 niciun miros secundar<\/strong> de la lipiciul care se usuc\u0103. <strong>PENTRU PERSOANELE CARE SUFER\u0102 DE ALERGII, ASTMATICI, COPII, ACEST LUCRU ESTE ESEN\u021aIAL!!!!<\/strong><\/h3>\n<\/li>\n<li>\n<h3>Husa <strong>deta\u0219abil\u0103<\/strong> (material ALOE VERA) cu fermoar v\u0103 permite s\u0103 o sp\u0103la\u021bi \u0219i s\u0103 o schimba\u021bi.<\/h3>\n<\/li>\n<li>\n<h3><strong>LA CE TREBUIE S\u0102 ACORDA\u021aI ATEN\u021aIE ATUNCI C\u00c2ND CUMP\u0102RA\u021aI UN TOPPER:<\/strong><\/h3>\n<\/li>\n<\/ol>\n<h3><strong>Acest TOPPER este realizat NUMAI dintr-un bloc \u00eentreg de spum\u0103 (foam) \u0219i o hus\u0103 din material textil. Func\u021bia principal\u0103 a lui TOPPER este de a netezi suprafe\u021bele neuniforme ale saltelelor vechi, c\u0103r\u021bilor din dormitor, suprafe\u021belor neuniforme ale canapelelor etc. Utilizarea diferitelor materiale de c\u0103ptu\u0219eal\u0103, cum ar fi SINTEPONE, WATIN \u0219i altele asemenea, \u00een TOPPERS nu va face dec\u00e2t s\u0103 \u00eembun\u0103t\u0103\u021beasc\u0103 vizual aspectul, f\u0103r\u0103 a \u00eembun\u0103t\u0103\u021bi calitatea. \u00ceL NUMIM EFECTUL DE \u00ceNVELI\u0218 DE BOMBOANE. \u00cenveli\u0219ul este frumos, dar interiorul este f\u0103cut din&#8230; \u0219tii tu. Prin urmare, principalul element de lucru din topper este blocul de poliuretan ( spum\u0103). CU C\u00c2T DENSITATEA \u0218I GROSIMEA SPUMEI SUNT MAI MARI, CU AT\u00c2T MAI MARE ESTE CALITATEA \u0218I DURABILITATEA TOPPER-ULUI!!!!<\/strong><\/h3>\n","protected":false},"excerpt":{"rendered":"<h3>Cod: T0122AV201406<\/h3>\n<h3>Categorie: topper<\/h3>\n<h3>Dimensiune: <strong>2000*1400*60<\/strong><\/h3>\n<h3>Pre\u021b: 1680<strong> MDL<\/strong><\/h3>\n<h2>Ac\u021biune: <span style=\"color: #ff0000;\"><br \/>\n  <strong>-30% <\/strong><br \/>\n<\/span><span style=\"color: #ff0000;\"><br \/>\n  <strong>sf\u00e2r\u0219it 01\/04\/24<\/strong><br \/>\n<\/span><\/h2>\n<h2>PRE\u021a: <span style=\"color: #ff0000;\"><br \/>\n  <strong>1176 MDL.<\/strong><br \/>\n<\/span><\/h2>\n","protected":false},"featured_media":9175,"comment_status":"open","ping_status":"closed","template":"","meta":[],"product_brand":[],"product_cat":[87,85,89],"product_tag":[],"class_list":{"0":"post-9333","1":"product","2":"type-product","3":"status-publish","4":"has-post-thumbnail","6":"product_cat-promotii-la-saltele","7":"product_cat-promotiile-saptamanii","8":"product_cat-saltele","10":"first","11":"instock","12":"sale","13":"shipping-taxable","14":"purchasable","15":"product-type-simple"},"_links":{"self":[{"href":"https:\/\/tiara.md\/ro\/wp-json\/wp\/v2\/product\/9333","targetHints":{"allow":["GET"]}}],"collection":[{"href":"https:\/\/tiara.md\/ro\/wp-json\/wp\/v2\/product"}],"about":[{"href":"https:\/\/tiara.md\/ro\/wp-json\/wp\/v2\/types\/product"}],"replies":[{"embeddable":true,"href":"https:\/\/tiara.md\/ro\/wp-json\/wp\/v2\/comments?post=9333"}],"version-history":[{"count":1,"href":"https:\/\/tiara.md\/ro\/wp-json\/wp\/v2\/product\/9333\/revisions"}],"predecessor-version":[{"id":9334,"href":"https:\/\/tiara.md\/ro\/wp-json\/wp\/v2\/product\/9333\/revisions\/9334"}],"wp:featuredmedia":[{"embeddable":true,"href":"https:\/\/tiara.md\/ro\/wp-json\/wp\/v2\/media\/9175"}],"wp:attachment":[{"href":"https:\/\/tiara.md\/ro\/wp-json\/wp\/v2\/media?parent=9333"}],"wp:term":[{"taxonomy":"product_brand","embeddable":true,"href":"https:\/\/tiara.md\/ro\/wp-json\/wp\/v2\/product_brand?post=9333"},{"taxonomy":"product_cat","embeddable":true,"href":"https:\/\/tiara.md\/ro\/wp-json\/wp\/v2\/product_cat?post=9333"},{"taxonomy":"product_tag","embeddable":true,"href":"https:\/\/tiara.md\/ro\/wp-json\/wp\/v2\/product_tag?post=9333"}],"curies":[{"name":"wp","href":"https:\/\/api.w.org\/{rel}","templated":true}]}}