{"id":9659,"date":"2026-04-03T08:46:52","date_gmt":"2026-04-03T08:46:52","guid":{"rendered":"https:\/\/tiara.md\/?post_type=product&#038;p=9659"},"modified":"2026-04-03T09:51:57","modified_gmt":"2026-04-03T09:51:57","slug":"caprice-3-extra-gri-1-%d0%ba%d0%be%d0%bf%d0%b8%d1%80%d0%be%d0%b2%d0%b0%d1%82%d1%8c-%d0%ba%d0%be%d0%bf%d0%b8%d1%80%d0%be%d0%b2%d0%b0%d1%82%d1%8c-%d0%ba%d0%be%d0%bf%d0%b8%d1%80%d0%be%d0%b2%d0%b0","status":"publish","type":"product","link":"https:\/\/tiara.md\/ro\/produs\/caprice-3-extra-gri-1-%d0%ba%d0%be%d0%bf%d0%b8%d1%80%d0%be%d0%b2%d0%b0%d1%82%d1%8c-%d0%ba%d0%be%d0%bf%d0%b8%d1%80%d0%be%d0%b2%d0%b0%d1%82%d1%8c-%d0%ba%d0%be%d0%bf%d0%b8%d1%80%d0%be%d0%b2%d0%b0\/","title":{"rendered":"Caprice 3 Extra gri 1 (\u041a\u043e\u043f\u0438\u0440\u043e\u0432\u0430\u0442\u044c) (\u041a\u043e\u043f\u0438\u0440\u043e\u0432\u0430\u0442\u044c) (\u041a\u043e\u043f\u0438\u0440\u043e\u0432\u0430\u0442\u044c)"},"content":{"rendered":"<h4>Canapeaua Caprice 3 Extra este o canapea transformatoare de mobilier f\u0103r\u0103 ram\u0103.<\/h4>\n<div style=\"width: 500px;\" class=\"wp-video\"><video class=\"wp-video-shortcode\" id=\"video-9659-1\" width=\"500\" height=\"500\" preload=\"metadata\" controls=\"controls\"><source type=\"video\/mp4\" src=\"https:\/\/tiara.md\/wp-content\/uploads\/2024\/03\/ScreenRecorderProject110.mp4?_=1\" \/><a href=\"https:\/\/tiara.md\/wp-content\/uploads\/2024\/03\/ScreenRecorderProject110.mp4\">https:\/\/tiara.md\/wp-content\/uploads\/2024\/03\/ScreenRecorderProject110.mp4<\/a><\/video><\/div>\n<h4>Mobilierul tapi\u021bat f\u0103r\u0103 ram\u0103 de la TIARA PRIM SRL sunt canapele cu cadru din poliuretan de \u00eenalt\u0103 calitate \u0219i cu huse deta\u0219abile.<\/h4>\n<h4>Avantajele canapelelor f\u0103r\u0103 ram\u0103 ( PE PRIMA PAGIN\u0102 TOATE VIDEO ):<\/h4>\n<ol>\n<li>\n<h4>Rezisten\u021b\u0103 \u0219i durabilitate uimitoare<\/h4>\n<\/li>\n<li>\n<h4>Toate canapelele pot fi transformate cu u\u0219urin\u021b\u0103 \u00een pat.<\/h4>\n<\/li>\n<li>\n<h4>Greutate redus\u0103 (de multe ori mai u\u0219oar\u0103 dec\u00e2t canapelele conven\u021bionale)<\/h4>\n<\/li>\n<li>\n<h4>Siguran\u021b\u0103 pentru copii \u0219i adul\u021bi ( f\u0103r\u0103 col\u021buri ascu\u021bite din lemn \u0219i metal )<\/h4>\n<\/li>\n<li>\n<h4>Copiii pot alerga \u0219i s\u0103ri pe canapele<\/h4>\n<\/li>\n<li>\n<h4>Huse deta\u0219abile (huse lavabile \u0219i \u00eenlocuibile)<\/h4>\n<\/li>\n<li>\n<h4>Transport u\u0219or atunci c\u00e2nd este achizi\u021bionat\u0103 ( canapelele pot fi comprimate de 4 ori \u0219i aspirate pentru transport )<\/h4>\n<\/li>\n<li>\n<h4>U\u0219or de mutat atunci c\u00e2nd se cur\u0103\u021b\u0103 apartamentul.<\/h4>\n<\/li>\n<li>\n<h4>Nu sc\u00e2r\u021b\u00e2ie!!!<\/h4>\n<\/li>\n<li>\n<h4>Garan\u021bie de 5 ani.<\/h4>\n<\/li>\n<\/ol>\n","protected":false},"excerpt":{"rendered":"<h3>Cod: 1325<br \/>\nCategorie: canapea<br \/>\nDimensiune: 2000*1400*400<br \/>\nPre\u021b: 9880 MDL<br \/>\nAc\u021biune: <span style=\"color: #ff0000;\">-20%<\/span><br \/>\nPRE\u021a: 7904<span style=\"color: #ff0000;\"> MDL<\/span><\/h3>\n","protected":false},"featured_media":9665,"comment_status":"open","ping_status":"closed","template":"","meta":[],"product_brand":[],"product_cat":[88],"product_tag":[],"class_list":{"0":"post-9659","1":"product","2":"type-product","3":"status-publish","4":"has-post-thumbnail","6":"product_cat-canapele","8":"first","9":"instock","10":"sale","11":"shipping-taxable","12":"purchasable","13":"product-type-simple"},"_links":{"self":[{"href":"https:\/\/tiara.md\/ro\/wp-json\/wp\/v2\/product\/9659","targetHints":{"allow":["GET"]}}],"collection":[{"href":"https:\/\/tiara.md\/ro\/wp-json\/wp\/v2\/product"}],"about":[{"href":"https:\/\/tiara.md\/ro\/wp-json\/wp\/v2\/types\/product"}],"replies":[{"embeddable":true,"href":"https:\/\/tiara.md\/ro\/wp-json\/wp\/v2\/comments?post=9659"}],"version-history":[{"count":1,"href":"https:\/\/tiara.md\/ro\/wp-json\/wp\/v2\/product\/9659\/revisions"}],"predecessor-version":[{"id":9677,"href":"https:\/\/tiara.md\/ro\/wp-json\/wp\/v2\/product\/9659\/revisions\/9677"}],"wp:featuredmedia":[{"embeddable":true,"href":"https:\/\/tiara.md\/ro\/wp-json\/wp\/v2\/media\/9665"}],"wp:attachment":[{"href":"https:\/\/tiara.md\/ro\/wp-json\/wp\/v2\/media?parent=9659"}],"wp:term":[{"taxonomy":"product_brand","embeddable":true,"href":"https:\/\/tiara.md\/ro\/wp-json\/wp\/v2\/product_brand?post=9659"},{"taxonomy":"product_cat","embeddable":true,"href":"https:\/\/tiara.md\/ro\/wp-json\/wp\/v2\/product_cat?post=9659"},{"taxonomy":"product_tag","embeddable":true,"href":"https:\/\/tiara.md\/ro\/wp-json\/wp\/v2\/product_tag?post=9659"}],"curies":[{"name":"wp","href":"https:\/\/api.w.org\/{rel}","templated":true}]}}